{"id":6607,"date":"2022-03-10T14:26:32","date_gmt":"2022-03-10T14:26:32","guid":{"rendered":"https:\/\/atria.clinic\/cookie-policy\/"},"modified":"2024-10-09T10:26:21","modified_gmt":"2024-10-09T10:26:21","slug":"cookie-policy","status":"publish","type":"page","link":"https:\/\/atria.clinic\/en\/cookie-policy\/","title":{"rendered":"Cookie Policy"},"content":{"rendered":"\t\t<div data-elementor-type=\"wp-page\" data-elementor-id=\"6607\" class=\"elementor elementor-6607 elementor-2798\" data-elementor-post-type=\"page\">\n\t\t\t\t\t\t<section class=\"elementor-section elementor-top-section elementor-element elementor-element-064d2e8 elementor-section-boxed elementor-section-height-default elementor-section-height-default\" data-id=\"064d2e8\" data-element_type=\"section\">\n\t\t\t\t\t\t<div class=\"elementor-container elementor-column-gap-default\">\n\t\t\t\t\t<div class=\"elementor-column elementor-col-100 elementor-top-column elementor-element elementor-element-f0efbeb\" data-id=\"f0efbeb\" data-element_type=\"column\">\n\t\t\t<div class=\"elementor-widget-wrap elementor-element-populated\">\n\t\t\t\t\t\t<div class=\"elementor-element elementor-element-143f9dc elementor-widget elementor-widget-heading\" data-id=\"143f9dc\" data-element_type=\"widget\" data-widget_type=\"heading.default\">\n\t\t\t\t<div class=\"elementor-widget-container\">\n\t\t\t\t\t<h1 class=\"elementor-heading-title elementor-size-default\">Cookie Policy<\/h1>\t\t\t\t<\/div>\n\t\t\t\t<\/div>\n\t\t\t\t\t<\/div>\n\t\t<\/div>\n\t\t\t\t\t<\/div>\n\t\t<\/section>\n\t\t\t\t<section class=\"elementor-section elementor-top-section elementor-element elementor-element-d97a2ee elementor-section-boxed elementor-section-height-default elementor-section-height-default\" data-id=\"d97a2ee\" data-element_type=\"section\">\n\t\t\t\t\t\t<div class=\"elementor-container elementor-column-gap-default\">\n\t\t\t\t\t<div class=\"elementor-column elementor-col-100 elementor-top-column elementor-element elementor-element-d2c8c98\" data-id=\"d2c8c98\" data-element_type=\"column\">\n\t\t\t<div class=\"elementor-widget-wrap elementor-element-populated\">\n\t\t\t\t\t\t<div class=\"elementor-element elementor-element-9c8e96b elementor-widget elementor-widget-text-editor\" data-id=\"9c8e96b\" data-element_type=\"widget\" data-widget_type=\"text-editor.default\">\n\t\t\t\t<div class=\"elementor-widget-container\">\n\t\t\t\t\t\t\t\t\t<p><span style=\"font-weight: 400;\">In accordance with the provisions of Article 22.2 of Law 34\/2002, of 11 July, on Information &nbsp;Society Services and Electronic Commerce (LSSI-CE) in force, ATRIASFK. S.L. must comply with the obligation to &nbsp; inform about the cookies it uses and their purposes. &nbsp;<\/span><\/p>\n<p><span style=\"font-weight: 400;\">This website uses cookies and\/or similar technologies that store and retrieve information when you browse.&nbsp;&nbsp;<\/span><\/p>\n<p><span style=\"font-weight: 400;\">Cookies are essential for the functioning of the Internet, providing countless advantages in the provision&nbsp; of interactive services, making it easier for the User to browse and use our website.&nbsp;<\/span><\/p>\n<p><span style=\"font-size: 1rem;\">The information provided below will help you understand the different types of cookies:<\/span><\/p>\n<div dir=\"ltr\" align=\"left\">\n<table class=\" aligncenter\">\n<tbody>\n<tr>\n<td colspan=\"3\">\n<p dir=\"ltr\">TYPES OF COOKIES<\/p>\n<\/td>\n<\/tr>\n<tr>\n<td rowspan=\"2\">\n<p dir=\"ltr\"><span style=\"font-size: 14px;\">ACCORDING TO THE ENTITY THAT&nbsp; MANAGES THEM<\/span><\/p>\n<\/td>\n<td>\n<p dir=\"ltr\">OWN COOKIES<\/p>\n<\/td>\n<td>\n<p dir=\"ltr\">These are those that are sent to the user&#8217;s terminal &nbsp;equipment from a computer or domain managed by &nbsp;the publisher itself and from which the service&nbsp; requested by the user is provided.<\/p>\n<\/td>\n<\/tr>\n<tr>\n<td>\n<p dir=\"ltr\">THIRD PARTY COOKIES<\/p>\n<\/td>\n<td>\n<p dir=\"ltr\">Cookies are those that are sent to the &nbsp;user&#8217;s terminal equipment from a computer or domain that is not&nbsp; managed by the editor, but by another entity that&nbsp; processes the data obtained through the cookies.<\/p>\n<\/td>\n<\/tr>\n<tr>\n<td rowspan=\"2\">\n<p dir=\"ltr\"><span style=\"font-size: 14px;\">ACCORDING TO THE PERIOD OF&nbsp;TIME<br>THAT&nbsp;ENDING TIME<br>ACTIVATED<\/span><\/p>\n<\/td>\n<td>\n<p dir=\"ltr\">SESSION COOKIES<\/p>\n<\/td>\n<td>\n<p dir=\"ltr\">They are those designed to collect and store&nbsp;data while the user accesses a&nbsp;web page. They are usually used to store&nbsp; information that only needs to be kept for the provision of the service requested by the user on a single occasion and disappear at the end of the&nbsp; session. <\/p>\n<\/td>\n<\/tr>\n<tr>\n<td>\n<p dir=\"ltr\">PERSISTENT COOKIES<\/p>\n<\/td>\n<td>\n<p dir=\"ltr\">These are cookies in which the data remain&nbsp; stored in the terminal and can be&nbsp; accessed and processed for a period defined&nbsp; by the party responsible for the cookie, which can range from&nbsp; a few minutes to several years.<\/p>\n<\/td>\n<\/tr>\n<tr>\n<td rowspan=\"5\">\n<p dir=\"ltr\"><span style=\"font-size: 14px;\">ACCORDING TO THEIR PURPOSE<\/span><\/p>\n<\/td>\n<td>\n<p dir=\"ltr\">TECHNICAL COOKIES<\/p>\n<\/td>\n<td>\n<p dir=\"ltr\">These are those that allow the user to&nbsp;navigate through a website,&nbsp; platform or application and to use the&nbsp; different options or services that exist in it<\/p>\n<\/td>\n<\/tr>\n<tr>\n<td>\n<p dir=\"ltr\">PERSONALISATION COOKIES<\/p>\n<\/td>\n<td>\n<p dir=\"ltr\">They allow you to apply your own characteristics to the user&#8217;s&nbsp; navigation of the website (e.g. language).<\/p>\n<\/td>\n<\/tr>\n<tr>\n<td>\n<p dir=\"ltr\">ANALYTICS COOKIES<\/p>\n<\/td>\n<td>\n<p dir=\"ltr\">They are those that allow the person responsible for&nbsp; these the monitoring and analysis of the behaviour&nbsp; of the users of the websites. The information collected&nbsp; through this type of cookie is used to&nbsp;measure the activity of the website,&nbsp; application or platform, in order to introduce&nbsp; improvements based on the analysis of the data on&nbsp; use made by users of the service. <\/p>\n<\/td>\n<\/tr>\n<tr>\n<td>\n<p dir=\"ltr\">ADVERTISING COOKIES<\/p>\n<\/td>\n<td>\n<p dir=\"ltr\">They allow the publisher to include on the website&nbsp; advertising space, depending on the content of the&nbsp; website itself.<\/p>\n<\/td>\n<\/tr>\n<tr>\n<td>\n<p dir=\"ltr\">BEHAVIOURAL ADVERTISING COOKIES<\/p>\n<\/td>\n<td>\n<p dir=\"ltr\">These are those that store information on the&nbsp; behaviour of users obtained through&nbsp; continuous observation of their browsing&nbsp; habits, which makes it possible to develop a&nbsp; specific profile to display advertising based on the&nbsp; same.<\/p>\n<\/td>\n<\/tr>\n<\/tbody>\n<\/table>\n<\/div>\n<div dir=\"ltr\" align=\"left\">&nbsp;<\/div>\n<p><span style=\"font-size: 1rem;\">A cookie is a small text file that is stored in your browser when you visit almost any web page. Its usefulness is that the web is able to remember your visit when you return to browse that page. Cookies usually store information of a technical nature, personal preferences, content personalization, usage statistics, links to social networks, access to user accounts, etc.<\/span><\/p>\n<p>The purpose of the cookie is to adapt the content of the website to your profile and needs, without cookies the services offered by any page would be significantly diminished.<\/p>\n<p>Following the guidelines of the Spanish Data Protection Agency we proceed to detail the use of cookies that makes this website in order to inform you as accurately as possible.<\/p>\n<p>This website uses the following own cookies:<\/p>\n<ul>\n<li>Session cookies, to ensure that users posting comments on the blog are human and not automated applications. This is how spam is combated.<\/li>\n<\/ul>\n<div><br><\/div>\n<p>This website uses the following third-party cookies:<\/p>\n<ul>\n<li>Google Analytics: Stores cookies to compile statistics on the traffic and volume of visits to this website. By using this website you consent to the processing of data about you by Google. Therefore, the exercise of any rights in this regard should be made by communicating directly with Google.<\/li>\n<li>Social networks: Each social network uses its own cookies and they are responsible for them.<\/li>\n<\/ul><div><br><\/div>\n<p><strong>What happens if I disable cookies?<\/strong><\/p>\n<p>You may exercise your right to disable or delete cookies from this website at any time. These actions are performed differently depending on the browser you are using.<\/p>\n<p>Please note that if you accept third-party cookies, you must delete them from your browser options&nbsp;<span style=\"font-size: 1rem;\">or from the system offered by the third party itself.<\/span><span style=\"font-size: 1rem;\">&nbsp;<\/span><\/p>\n<p><strong style=\"font-size: 1rem;\">Additional notes<\/strong><\/p>\n<ul>\n<li>Neither this website nor its legal representatives are responsible for the content or accuracy of the privacy policies that third parties mentioned in this cookie policy may hav<\/li>\n<li>Web browsers are the tools in charge of storing cookies and from this place you should exercise your right to delete or deactivate them. Neither this website nor its legal representatives can guarantee the correct or incorrect handling of cookies by the aforementioned browsers.<\/li>\n<li>In some cases it is necessary to install cookies so that the browser does not forget your decision not to accept them.<\/li>\n<li>In the case of Google Analytics cookies, this company stores cookies on servers located in the United States and undertakes not to share it with third parties, except in cases where it is necessary for the operation of the system or when required by law.<\/li>\n<li>According to Google it does not save your IP address. Google Inc. is a company adhered to the Safe Harbor Agreement which guarantees that all data transferred will be treated with a level of protection in accordance with European regulations. Detailed information on this subject can be found at this link.<\/li>\n<li><span style=\"background-color: transparent;\">If you have any doubts or questions about this cookie policy, please do not hesitate to contact us through the contact section.<\/span><\/li>\n<\/ul>\t\t\t\t\t\t\t\t<\/div>\n\t\t\t\t<\/div>\n\t\t\t\t\t<\/div>\n\t\t<\/div>\n\t\t\t\t\t<\/div>\n\t\t<\/section>\n\t\t\t\t<\/div>\n\t\t","protected":false},"excerpt":{"rendered":"<p>Cookie Policy In accordance with the provisions of Article 22.2 of Law 34\/2002, of 11 July, on Information &nbsp;Society Services and Electronic Commerce (LSSI-CE) in force, ATRIASFK. S.L. must comply with the obligation to &nbsp; inform about the cookies it uses and their purposes. &nbsp; This website uses cookies and\/or similar technologies that store and [&hellip;]<\/p>\n","protected":false},"author":2,"featured_media":0,"parent":0,"menu_order":0,"comment_status":"closed","ping_status":"closed","template":"","meta":{"_acf_changed":false,"footnotes":""},"class_list":["post-6607","page","type-page","status-publish","hentry"],"acf":[],"yoast_head":"<!-- This site is optimized with the Yoast SEO plugin v27.2 - https:\/\/yoast.com\/product\/yoast-seo-wordpress\/ -->\n<title>Cookie Policy - Atria Clinic<\/title>\n<meta name=\"robots\" content=\"index, follow, max-snippet:-1, max-image-preview:large, max-video-preview:-1\" \/>\n<link rel=\"canonical\" href=\"https:\/\/atria.clinic\/en\/cookie-policy\/\" \/>\n<meta property=\"og:locale\" content=\"en_US\" \/>\n<meta property=\"og:type\" content=\"article\" \/>\n<meta property=\"og:title\" content=\"Cookie Policy - Atria Clinic\" \/>\n<meta property=\"og:description\" content=\"Cookie Policy In accordance with the provisions of Article 22.2 of Law 34\/2002, of 11 July, on Information &nbsp;Society Services and Electronic Commerce (LSSI-CE) in force, ATRIASFK. S.L. must comply with the obligation to &nbsp; inform about the cookies it uses and their purposes. &nbsp; This website uses cookies and\/or similar technologies that store and [&hellip;]\" \/>\n<meta property=\"og:url\" content=\"https:\/\/atria.clinic\/en\/cookie-policy\/\" \/>\n<meta property=\"og:site_name\" content=\"Atria Clinic\" \/>\n<meta property=\"article:modified_time\" content=\"2024-10-09T10:26:21+00:00\" \/>\n<meta name=\"twitter:card\" content=\"summary_large_image\" \/>\n<meta name=\"twitter:label1\" content=\"Est. reading time\" \/>\n\t<meta name=\"twitter:data1\" content=\"5 minutes\" \/>\n<script type=\"application\/ld+json\" class=\"yoast-schema-graph\">{\"@context\":\"https:\/\/schema.org\",\"@graph\":[{\"@type\":[\"WebPage\",\"MedicalWebPage\"],\"@id\":\"https:\/\/atria.clinic\/en\/cookie-policy\/\",\"url\":\"https:\/\/atria.clinic\/en\/cookie-policy\/\",\"name\":\"Cookie Policy - Atria Clinic\",\"isPartOf\":{\"@id\":\"https:\/\/atria.clinic\/en\/#website\"},\"datePublished\":\"2022-03-10T14:26:32+00:00\",\"dateModified\":\"2024-10-09T10:26:21+00:00\",\"breadcrumb\":{\"@id\":\"https:\/\/atria.clinic\/en\/cookie-policy\/#breadcrumb\"},\"inLanguage\":\"en-US\",\"potentialAction\":[{\"@type\":\"ReadAction\",\"target\":[\"https:\/\/atria.clinic\/en\/cookie-policy\/\"]}]},{\"@type\":\"BreadcrumbList\",\"@id\":\"https:\/\/atria.clinic\/en\/cookie-policy\/#breadcrumb\",\"itemListElement\":[{\"@type\":\"ListItem\",\"position\":1,\"name\":\"Portada\",\"item\":\"https:\/\/atria.clinic\/en\/home\/\"},{\"@type\":\"ListItem\",\"position\":2,\"name\":\"Cookie Policy\"}]},{\"@type\":\"WebSite\",\"@id\":\"https:\/\/atria.clinic\/en\/#website\",\"url\":\"https:\/\/atria.clinic\/en\/\",\"name\":\"Atria Clinic\",\"description\":\"Prevenci\u00f3n, detecci\u00f3n y tratamiento temprano de patolog\u00edas cardiovasculares\",\"publisher\":{\"@id\":\"https:\/\/atria.clinic\/en\/#organization\"},\"potentialAction\":[{\"@type\":\"SearchAction\",\"target\":{\"@type\":\"EntryPoint\",\"urlTemplate\":\"https:\/\/atria.clinic\/en\/?s={search_term_string}\"},\"query-input\":{\"@type\":\"PropertyValueSpecification\",\"valueRequired\":true,\"valueName\":\"search_term_string\"}}],\"inLanguage\":\"en-US\"},{\"@type\":\"Organization\",\"@id\":\"https:\/\/atria.clinic\/en\/#organization\",\"name\":\"Atria Clinic\",\"url\":\"https:\/\/atria.clinic\/en\/\",\"logo\":{\"@type\":\"ImageObject\",\"inLanguage\":\"en-US\",\"@id\":\"https:\/\/atria.clinic\/en\/#\/schema\/logo\/image\/\",\"url\":\"https:\/\/atria.clinic\/wp-content\/uploads\/2021\/11\/LOGO-ATRIA-CLINIC.svg\",\"contentUrl\":\"https:\/\/atria.clinic\/wp-content\/uploads\/2021\/11\/LOGO-ATRIA-CLINIC.svg\",\"width\":300,\"height\":62,\"caption\":\"Atria Clinic\"},\"image\":{\"@id\":\"https:\/\/atria.clinic\/en\/#\/schema\/logo\/image\/\"},\"sameAs\":[\"https:\/\/www.linkedin.com\/company\/atria-clinic\/\"]}]}<\/script>\n<!-- \/ Yoast SEO plugin. -->","yoast_head_json":{"title":"Cookie Policy - Atria Clinic","robots":{"index":"index","follow":"follow","max-snippet":"max-snippet:-1","max-image-preview":"max-image-preview:large","max-video-preview":"max-video-preview:-1"},"canonical":"https:\/\/atria.clinic\/en\/cookie-policy\/","og_locale":"en_US","og_type":"article","og_title":"Cookie Policy - Atria Clinic","og_description":"Cookie Policy In accordance with the provisions of Article 22.2 of Law 34\/2002, of 11 July, on Information &nbsp;Society Services and Electronic Commerce (LSSI-CE) in force, ATRIASFK. S.L. must comply with the obligation to &nbsp; inform about the cookies it uses and their purposes. &nbsp; This website uses cookies and\/or similar technologies that store and [&hellip;]","og_url":"https:\/\/atria.clinic\/en\/cookie-policy\/","og_site_name":"Atria Clinic","article_modified_time":"2024-10-09T10:26:21+00:00","twitter_card":"summary_large_image","twitter_misc":{"Est. reading time":"5 minutes"},"schema":{"@context":"https:\/\/schema.org","@graph":[{"@type":["WebPage","MedicalWebPage"],"@id":"https:\/\/atria.clinic\/en\/cookie-policy\/","url":"https:\/\/atria.clinic\/en\/cookie-policy\/","name":"Cookie Policy - Atria Clinic","isPartOf":{"@id":"https:\/\/atria.clinic\/en\/#website"},"datePublished":"2022-03-10T14:26:32+00:00","dateModified":"2024-10-09T10:26:21+00:00","breadcrumb":{"@id":"https:\/\/atria.clinic\/en\/cookie-policy\/#breadcrumb"},"inLanguage":"en-US","potentialAction":[{"@type":"ReadAction","target":["https:\/\/atria.clinic\/en\/cookie-policy\/"]}]},{"@type":"BreadcrumbList","@id":"https:\/\/atria.clinic\/en\/cookie-policy\/#breadcrumb","itemListElement":[{"@type":"ListItem","position":1,"name":"Portada","item":"https:\/\/atria.clinic\/en\/home\/"},{"@type":"ListItem","position":2,"name":"Cookie Policy"}]},{"@type":"WebSite","@id":"https:\/\/atria.clinic\/en\/#website","url":"https:\/\/atria.clinic\/en\/","name":"Atria Clinic","description":"Prevenci\u00f3n, detecci\u00f3n y tratamiento temprano de patolog\u00edas cardiovasculares","publisher":{"@id":"https:\/\/atria.clinic\/en\/#organization"},"potentialAction":[{"@type":"SearchAction","target":{"@type":"EntryPoint","urlTemplate":"https:\/\/atria.clinic\/en\/?s={search_term_string}"},"query-input":{"@type":"PropertyValueSpecification","valueRequired":true,"valueName":"search_term_string"}}],"inLanguage":"en-US"},{"@type":"Organization","@id":"https:\/\/atria.clinic\/en\/#organization","name":"Atria Clinic","url":"https:\/\/atria.clinic\/en\/","logo":{"@type":"ImageObject","inLanguage":"en-US","@id":"https:\/\/atria.clinic\/en\/#\/schema\/logo\/image\/","url":"https:\/\/atria.clinic\/wp-content\/uploads\/2021\/11\/LOGO-ATRIA-CLINIC.svg","contentUrl":"https:\/\/atria.clinic\/wp-content\/uploads\/2021\/11\/LOGO-ATRIA-CLINIC.svg","width":300,"height":62,"caption":"Atria Clinic"},"image":{"@id":"https:\/\/atria.clinic\/en\/#\/schema\/logo\/image\/"},"sameAs":["https:\/\/www.linkedin.com\/company\/atria-clinic\/"]}]}},"_links":{"self":[{"href":"https:\/\/atria.clinic\/en\/wp-json\/wp\/v2\/pages\/6607","targetHints":{"allow":["GET"]}}],"collection":[{"href":"https:\/\/atria.clinic\/en\/wp-json\/wp\/v2\/pages"}],"about":[{"href":"https:\/\/atria.clinic\/en\/wp-json\/wp\/v2\/types\/page"}],"author":[{"embeddable":true,"href":"https:\/\/atria.clinic\/en\/wp-json\/wp\/v2\/users\/2"}],"replies":[{"embeddable":true,"href":"https:\/\/atria.clinic\/en\/wp-json\/wp\/v2\/comments?post=6607"}],"version-history":[{"count":2,"href":"https:\/\/atria.clinic\/en\/wp-json\/wp\/v2\/pages\/6607\/revisions"}],"predecessor-version":[{"id":9271,"href":"https:\/\/atria.clinic\/en\/wp-json\/wp\/v2\/pages\/6607\/revisions\/9271"}],"wp:attachment":[{"href":"https:\/\/atria.clinic\/en\/wp-json\/wp\/v2\/media?parent=6607"}],"curies":[{"name":"wp","href":"https:\/\/api.w.org\/{rel}","templated":true}]}}